{"id":3378,"date":"2025-02-16T13:28:06","date_gmt":"2025-02-16T13:28:06","guid":{"rendered":"https:\/\/cmbaldim1.websiteseguro.com\/site\/?page_id=3378"},"modified":"2025-02-20T20:07:15","modified_gmt":"2025-02-20T20:07:15","slug":"comissoes-permanentes","status":"publish","type":"page","link":"https:\/\/cmbaldim1.websiteseguro.com\/site\/comissoes-permanentes\/","title":{"rendered":"COMISS\u00d5ES PERMANENTES"},"content":{"rendered":"<h1>Comiss\u00f5es Permanentes<\/h1>\n<p>COMISS\u00c3O JUSTI\u00c7A E REDA\u00c7\u00c3O<br \/>\nPresidente:<br \/>\nVice-presidente:<br \/>\nRelator:<\/p>\n<p>COMISS\u00c3O DE FINAN\u00c7AS P\u00daBLICAS<br \/>\nPresidente:<br \/>\nVice-presidente:<br \/>\nRelator:<\/p>\n<p>COMISS\u00c3O DE ADMINISTRA\u00c7\u00c3O P\u00daBLICA<br \/>\nPresidente:<br \/>\nVice-presidente:<br \/>\nRelator:<\/p>\n","protected":false},"excerpt":{"rendered":"<p>Comiss\u00f5es Permanentes COMISS\u00c3O JUSTI\u00c7A E REDA\u00c7\u00c3O Presidente: Vice-presidente: Relator: COMISS\u00c3O DE FINAN\u00c7AS P\u00daBLICAS Presidente: Vice-presidente: Relator: COMISS\u00c3O DE ADMINISTRA\u00c7\u00c3O P\u00daBLICA Presidente: Vice-presidente: Relator:<\/p>\n","protected":false},"author":1,"featured_media":0,"parent":0,"menu_order":0,"comment_status":"closed","ping_status":"closed","template":"","meta":{"footnotes":""},"class_list":["post-3378","page","type-page","status-publish","hentry"],"_links":{"self":[{"href":"https:\/\/cmbaldim1.websiteseguro.com\/site\/wp-json\/wp\/v2\/pages\/3378","targetHints":{"allow":["GET"]}}],"collection":[{"href":"https:\/\/cmbaldim1.websiteseguro.com\/site\/wp-json\/wp\/v2\/pages"}],"about":[{"href":"https:\/\/cmbaldim1.websiteseguro.com\/site\/wp-json\/wp\/v2\/types\/page"}],"author":[{"embeddable":true,"href":"https:\/\/cmbaldim1.websiteseguro.com\/site\/wp-json\/wp\/v2\/users\/1"}],"replies":[{"embeddable":true,"href":"https:\/\/cmbaldim1.websiteseguro.com\/site\/wp-json\/wp\/v2\/comments?post=3378"}],"version-history":[{"count":2,"href":"https:\/\/cmbaldim1.websiteseguro.com\/site\/wp-json\/wp\/v2\/pages\/3378\/revisions"}],"predecessor-version":[{"id":5927,"href":"https:\/\/cmbaldim1.websiteseguro.com\/site\/wp-json\/wp\/v2\/pages\/3378\/revisions\/5927"}],"wp:attachment":[{"href":"https:\/\/cmbaldim1.websiteseguro.com\/site\/wp-json\/wp\/v2\/media?parent=3378"}],"curies":[{"name":"wp","href":"https:\/\/api.w.org\/{rel}","templated":true}]}}