{"id":3406,"date":"2025-02-16T18:29:13","date_gmt":"2025-02-16T18:29:13","guid":{"rendered":"https:\/\/cmbaldim1.websiteseguro.com\/site\/?page_id=3406"},"modified":"2025-05-25T21:07:43","modified_gmt":"2025-05-25T21:07:43","slug":"agenda","status":"publish","type":"page","link":"https:\/\/cmbaldim1.websiteseguro.com\/site\/agenda\/","title":{"rendered":"AGENDA"},"content":{"rendered":"<p style=\"font-weight: 400;\">Reuni\u00e3o ordin\u00e1ria na \u00faltima ter\u00e7a-feira de todos meses \u00e0s 18h.<\/p>\n<p style=\"font-weight: 400;\">Endere\u00e7o: Rua Vitalino Augusto, N\u00ba: 75, Centro, Baldim \/ MG<\/p>\n<p style=\"font-weight: 400;\">CEP: 35.732-000<\/p>\n<p style=\"font-weight: 400;\">Telefone: (31) 7214-6855<\/p>\n<p style=\"font-weight: 400;\">Email:\u00a0<a href=\"mailto:camarabaldim@yahoo.com.br\">camarabaldim@yahoo.com.br<\/a><\/p>\n","protected":false},"excerpt":{"rendered":"<p>Reuni\u00e3o ordin\u00e1ria na \u00faltima ter\u00e7a-feira de todos meses \u00e0s 18h. Endere\u00e7o: Rua Vitalino Augusto, N\u00ba: 75, Centro, Baldim \/ MG CEP: 35.732-000 Telefone: (31) 7214-6855 Email:\u00a0camarabaldim@yahoo.com.br<\/p>\n","protected":false},"author":1,"featured_media":0,"parent":0,"menu_order":0,"comment_status":"closed","ping_status":"closed","template":"","meta":{"footnotes":""},"class_list":["post-3406","page","type-page","status-publish","hentry"],"_links":{"self":[{"href":"https:\/\/cmbaldim1.websiteseguro.com\/site\/wp-json\/wp\/v2\/pages\/3406","targetHints":{"allow":["GET"]}}],"collection":[{"href":"https:\/\/cmbaldim1.websiteseguro.com\/site\/wp-json\/wp\/v2\/pages"}],"about":[{"href":"https:\/\/cmbaldim1.websiteseguro.com\/site\/wp-json\/wp\/v2\/types\/page"}],"author":[{"embeddable":true,"href":"https:\/\/cmbaldim1.websiteseguro.com\/site\/wp-json\/wp\/v2\/users\/1"}],"replies":[{"embeddable":true,"href":"https:\/\/cmbaldim1.websiteseguro.com\/site\/wp-json\/wp\/v2\/comments?post=3406"}],"version-history":[{"count":4,"href":"https:\/\/cmbaldim1.websiteseguro.com\/site\/wp-json\/wp\/v2\/pages\/3406\/revisions"}],"predecessor-version":[{"id":6941,"href":"https:\/\/cmbaldim1.websiteseguro.com\/site\/wp-json\/wp\/v2\/pages\/3406\/revisions\/6941"}],"wp:attachment":[{"href":"https:\/\/cmbaldim1.websiteseguro.com\/site\/wp-json\/wp\/v2\/media?parent=3406"}],"curies":[{"name":"wp","href":"https:\/\/api.w.org\/{rel}","templated":true}]}}