{"id":3412,"date":"2025-02-16T18:29:48","date_gmt":"2025-02-16T18:29:48","guid":{"rendered":"https:\/\/cmbaldim1.websiteseguro.com\/site\/?page_id=3412"},"modified":"2025-10-08T00:33:25","modified_gmt":"2025-10-08T00:33:25","slug":"mocoes","status":"publish","type":"page","link":"https:\/\/cmbaldim1.websiteseguro.com\/site\/mocoes\/","title":{"rendered":"MO\u00c7\u00d5ES"},"content":{"rendered":"<p style=\"font-weight: 400;\"><b><strong>Mo\u00e7\u00f5es Ano de 2025<br \/>\n<\/strong><\/b><\/p>\n<p style=\"font-weight: 400;\"><a href=\"https:\/\/cmbaldim1.websiteseguro.com\/site\/wp-content\/uploads\/2025\/09\/MOCAO-14.pdf\">Mo\u00e7\u00e3o N\u00ba 14\/2025 &#8211; Clique aqui<\/a><\/p>\n<p style=\"font-weight: 400;\"><a href=\"https:\/\/cmbaldim1.websiteseguro.com\/site\/wp-content\/uploads\/2025\/09\/MOCAO-13.pdf\">Mo\u00e7\u00e3o N\u00ba 13\/2025 &#8211; Clique aqui<\/a><\/p>\n<p><a href=\"https:\/\/cmbaldim1.websiteseguro.com\/site\/mocao-no-12-2025-clique-aqui\/\">Mo\u00e7\u00e3o N\u00ba 12\/2025 \u2013 Clique aqui<\/a><\/p>\n<p><a href=\"https:\/\/cmbaldim1.websiteseguro.com\/site\/mocao-no-11-2025-clique-aqui\/\">Mo\u00e7\u00e3o N\u00ba 11\/2025 \u2013 Clique aqui<\/a><\/p>\n<p style=\"font-weight: 400;\"><a href=\"https:\/\/cmbaldim1.websiteseguro.com\/site\/wp-content\/uploads\/2025\/09\/MOCAO-10.pdf\">Mo\u00e7\u00e3o N\u00ba 10\/2025 &#8211; Clique aqui<\/a><\/p>\n<p style=\"font-weight: 400;\"><a href=\"https:\/\/cmbaldim1.websiteseguro.com\/site\/wp-content\/uploads\/2025\/09\/MOCAO-09.pdf\">Mo\u00e7\u00e3o N\u00ba 09\/2025 &#8211; Clique aqui<\/a><\/p>\n<p style=\"font-weight: 400;\"><a href=\"https:\/\/cmbaldim1.websiteseguro.com\/site\/wp-content\/uploads\/2025\/09\/MOCAO-08.pdf\">Mo\u00e7\u00e3o N\u00ba 08\/2025 &#8211; Clique aqui<\/a><\/p>\n<p style=\"font-weight: 400;\"><a href=\"https:\/\/cmbaldim1.websiteseguro.com\/site\/wp-content\/uploads\/2025\/09\/MOCAO-07.pdf\">Mo\u00e7\u00e3o N\u00ba 07\/2025 &#8211; Clique aqui<\/a><\/p>\n<p style=\"font-weight: 400;\"><a href=\"https:\/\/cmbaldim1.websiteseguro.com\/site\/wp-content\/uploads\/2025\/09\/MOCAO-06.pdf\">Mo\u00e7\u00e3o N\u00ba 06\/2025 &#8211; Clique aqui<\/a><\/p>\n<p style=\"font-weight: 400;\"><a href=\"https:\/\/cmbaldim1.websiteseguro.com\/site\/wp-content\/uploads\/2025\/09\/MOCAO-05.pdf\">Mo\u00e7\u00e3o N\u00ba 05\/2025 &#8211; Clique aqui<\/a><\/p>\n<p style=\"font-weight: 400;\"><a href=\"https:\/\/cmbaldim1.websiteseguro.com\/site\/wp-content\/uploads\/2025\/09\/MOCAO-04.pdf\">Mo\u00e7\u00e3o N\u00ba 04\/2025 &#8211; Clique aqui<\/a><\/p>\n<p style=\"font-weight: 400;\"><a href=\"https:\/\/cmbaldim1.websiteseguro.com\/site\/wp-content\/uploads\/2025\/09\/MOCAO-03.pdf\">Mo\u00e7\u00e3o N\u00ba 03\/2025 &#8211; Clique aqui<\/a><\/p>\n<p style=\"font-weight: 400;\"><a href=\"https:\/\/cmbaldim1.websiteseguro.com\/site\/wp-content\/uploads\/2025\/09\/MOCAO-02.pdf\">Mo\u00e7\u00e3o N\u00ba 02\/2025 &#8211; Clique aqui<\/a><\/p>\n<p style=\"font-weight: 400;\"><a href=\"https:\/\/cmbaldim1.websiteseguro.com\/site\/wp-content\/uploads\/2025\/09\/MOCAO-01.pdf\">Mo\u00e7\u00e3o N\u00ba 01\/2025 &#8211; Clique aqui<\/a><b><\/b><\/p>\n<p>Mo\u00e7\u00f5es Ano de 2024<\/p>\n<p style=\"font-weight: 400;\"><a href=\"https:\/\/www.cmbaldim.mg.gov.br\/mocoes\/mocao-01-2024.pdf\">Mo\u00e7\u00e3o N\u00ba 01\/2024 &#8211; Clique aqui<\/a><\/p>\n<p style=\"font-weight: 400;\"><b><strong><br \/>\nMo\u00e7\u00f5es Ano de 2023<\/strong><\/b><\/p>\n<p style=\"font-weight: 400;\"><a href=\"https:\/\/www.cmbaldim.mg.gov.br\/mocoes\/mocao-19-2023.pdf\">Mo\u00e7\u00e3o N\u00ba 19\/2023 &#8211; Clique aqui<\/a><\/p>\n<p style=\"font-weight: 400;\"><a href=\"https:\/\/www.cmbaldim.mg.gov.br\/mocoes\/mocao-20-2023.pdf\">Mo\u00e7\u00e3o N\u00ba 20\/2023 &#8211; Clique aqui<\/a><\/p>\n<p style=\"font-weight: 400;\"><a href=\"https:\/\/www.cmbaldim.mg.gov.br\/mocoes\/mocao-21-2023.pdf\">Mo\u00e7\u00e3o N\u00ba 21\/2023 &#8211; Clique aqui<\/a><\/p>\n<p style=\"font-weight: 400;\"><a href=\"https:\/\/www.cmbaldim.mg.gov.br\/mocoes\/mocao-22-2023.pdf\">Mo\u00e7\u00e3o N\u00ba 22\/2023 &#8211; Clique aqui<\/a><\/p>\n<p style=\"font-weight: 400;\"><a href=\"https:\/\/www.cmbaldim.mg.gov.br\/mocoes\/mocao-23-2023.pdf\">Mo\u00e7\u00e3o N\u00ba 23\/2023 &#8211; Clique aqui<\/a><\/p>\n<p style=\"font-weight: 400;\"><a href=\"https:\/\/www.cmbaldim.mg.gov.br\/mocoes\/mocao-24-2023.pdf\">Mo\u00e7\u00e3o N\u00ba 24\/2023 &#8211; Clique aqui<\/a><\/p>\n<p style=\"font-weight: 400;\"><a href=\"https:\/\/www.cmbaldim.mg.gov.br\/mocoes\/mocao-25-2023.pdf\">Mo\u00e7\u00e3o N\u00ba 25\/2023 &#8211; Clique aqui<\/a><\/p>\n<p style=\"font-weight: 400;\"><a href=\"https:\/\/www.cmbaldim.mg.gov.br\/mocoes\/mocao-26-2023.pdf\">Mo\u00e7\u00e3o N\u00ba 26\/2023 &#8211; Clique aqui<\/a><\/p>\n<p style=\"font-weight: 400;\"><a href=\"https:\/\/www.cmbaldim.mg.gov.br\/mocoes\/mocao-27-2023.pdf\">Mo\u00e7\u00e3o N\u00ba 27\/2023 &#8211; Clique aqui<\/a><\/p>\n<p style=\"font-weight: 400;\"><a href=\"https:\/\/www.cmbaldim.mg.gov.br\/mocoes\/mocao-28-2023.pdf\">Mo\u00e7\u00e3o N\u00ba 28\/2023 &#8211; Clique aqui<\/a><\/p>\n<p style=\"font-weight: 400;\"><a href=\"https:\/\/www.cmbaldim.mg.gov.br\/mocoes\/mocao-29-2023.pdf\">Mo\u00e7\u00e3o N\u00ba 29\/2023 &#8211; Clique aqui<\/a><\/p>\n<p style=\"font-weight: 400;\"><a href=\"https:\/\/www.cmbaldim.mg.gov.br\/mocoes\/mocao-30-2023.pdf\">Mo\u00e7\u00e3o N\u00ba 30\/2023 &#8211; Clique aqui<\/a><\/p>\n<p style=\"font-weight: 400;\"><a href=\"https:\/\/www.cmbaldim.mg.gov.br\/mocoes\/mocao-31-2023.pdf\">Mo\u00e7\u00e3o N\u00ba 31\/2023 &#8211; Clique aqui<\/a><\/p>\n<p style=\"font-weight: 400;\"><b><strong>Mo\u00e7\u00f5es do Ano de 2022<\/strong><\/b><\/p>\n<p style=\"font-weight: 400;\"><a href=\"https:\/\/www.cmbaldim.mg.gov.br\/mocoes\/mocao-01-2022.pdf\">Mo\u00e7\u00e3o N\u00ba 01\/2022 &#8211; Clique aqui<\/a><\/p>\n<p style=\"font-weight: 400;\">\u00a0<a href=\"https:\/\/www.cmbaldim.mg.gov.br\/mocoes\/mocao-02-2022.pdf\">Mo\u00e7\u00e3o N\u00ba 02\/2022 &#8211; Clique aqui<\/a><\/p>\n<p style=\"font-weight: 400;\"><a href=\"https:\/\/www.cmbaldim.mg.gov.br\/mocoes\/mocao-03-2022.pdf\">Mo\u00e7\u00e3o N\u00ba 03\/2022 &#8211; Clique aqui<\/a><\/p>\n<p style=\"font-weight: 400;\"><a href=\"https:\/\/www.cmbaldim.mg.gov.br\/mocoes\/mocao-04-2022.pdf\">Mo\u00e7\u00e3o N\u00ba 04\/2022 &#8211; Clique aqui<\/a><\/p>\n<p style=\"font-weight: 400;\"><a href=\"https:\/\/www.cmbaldim.mg.gov.br\/mocoes\/mocao-05-2022.pdf\">Mo\u00e7\u00e3o N\u00ba 05\/2022 &#8211; Clique aqui<\/a><\/p>\n<p style=\"font-weight: 400;\"><a href=\"https:\/\/www.cmbaldim.mg.gov.br\/mocoes\/mocao-07-2022.pdf\">Mo\u00e7\u00e3o N\u00ba 07\/2022 &#8211; Clique aqui<\/a><\/p>\n<p style=\"font-weight: 400;\"><a href=\"https:\/\/www.cmbaldim.mg.gov.br\/mocoes\/mocao-08-2022.pdf\">Mo\u00e7\u00e3o N\u00ba 08\/2022 &#8211; Clique aqui<\/a><\/p>\n<p style=\"font-weight: 400;\"><a href=\"https:\/\/www.cmbaldim.mg.gov.br\/mocoes\/mocao-09-2022.pdf\">Mo\u00e7\u00e3o N\u00ba 09\/2022 &#8211; Clique aqui<\/a><\/p>\n<p style=\"font-weight: 400;\"><a href=\"https:\/\/www.cmbaldim.mg.gov.br\/mocoes\/mocao-12-2022.pdf\">Mo\u00e7\u00e3o N\u00ba 12\/2022 &#8211; Clique aqui<\/a><\/p>\n<p style=\"font-weight: 400;\"><a href=\"https:\/\/www.cmbaldim.mg.gov.br\/mocoes\/mocao-13-2022.pdf\">Mo\u00e7\u00e3o N\u00ba 13\/2022 &#8211; Clique aqui<\/a><\/p>\n","protected":false},"excerpt":{"rendered":"<p>Mo\u00e7\u00f5es Ano de 2025 Mo\u00e7\u00e3o N\u00ba 14\/2025 &#8211; Clique aqui Mo\u00e7\u00e3o N\u00ba 13\/2025 &#8211; Clique aqui Mo\u00e7\u00e3o N\u00ba 12\/2025 \u2013 Clique aqui Mo\u00e7\u00e3o N\u00ba 11\/2025 \u2013 Clique aqui Mo\u00e7\u00e3o N\u00ba 10\/2025 &#8211;<a class=\"moretag\" href=\"https:\/\/cmbaldim1.websiteseguro.com\/site\/mocoes\/\">Read More&#8230;<\/a><\/p>\n","protected":false},"author":1,"featured_media":0,"parent":0,"menu_order":0,"comment_status":"closed","ping_status":"closed","template":"","meta":{"footnotes":""},"class_list":["post-3412","page","type-page","status-publish","hentry"],"_links":{"self":[{"href":"https:\/\/cmbaldim1.websiteseguro.com\/site\/wp-json\/wp\/v2\/pages\/3412","targetHints":{"allow":["GET"]}}],"collection":[{"href":"https:\/\/cmbaldim1.websiteseguro.com\/site\/wp-json\/wp\/v2\/pages"}],"about":[{"href":"https:\/\/cmbaldim1.websiteseguro.com\/site\/wp-json\/wp\/v2\/types\/page"}],"author":[{"embeddable":true,"href":"https:\/\/cmbaldim1.websiteseguro.com\/site\/wp-json\/wp\/v2\/users\/1"}],"replies":[{"embeddable":true,"href":"https:\/\/cmbaldim1.websiteseguro.com\/site\/wp-json\/wp\/v2\/comments?post=3412"}],"version-history":[{"count":8,"href":"https:\/\/cmbaldim1.websiteseguro.com\/site\/wp-json\/wp\/v2\/pages\/3412\/revisions"}],"predecessor-version":[{"id":8185,"href":"https:\/\/cmbaldim1.websiteseguro.com\/site\/wp-json\/wp\/v2\/pages\/3412\/revisions\/8185"}],"wp:attachment":[{"href":"https:\/\/cmbaldim1.websiteseguro.com\/site\/wp-json\/wp\/v2\/media?parent=3412"}],"curies":[{"name":"wp","href":"https:\/\/api.w.org\/{rel}","templated":true}]}}