{"id":3439,"date":"2025-02-16T18:32:25","date_gmt":"2025-02-16T18:32:25","guid":{"rendered":"https:\/\/cmbaldim1.websiteseguro.com\/site\/?page_id=3439"},"modified":"2025-09-29T14:33:37","modified_gmt":"2025-09-29T14:33:37","slug":"revisao-termo-de-fomento","status":"publish","type":"page","link":"https:\/\/cmbaldim1.websiteseguro.com\/site\/revisao-termo-de-fomento\/","title":{"rendered":"REVIS\u00c3O TERMO DE FOMENTO"},"content":{"rendered":"\t\t<div data-elementor-type=\"wp-page\" data-elementor-id=\"3439\" class=\"elementor elementor-3439\">\n\t\t\t\t\t\t\t\t\t<section class=\"elementor-section elementor-top-section elementor-element elementor-element-1144ff9c elementor-section-boxed elementor-section-height-default elementor-section-height-default wpr-particle-no wpr-jarallax-no wpr-parallax-no wpr-sticky-section-no\" data-id=\"1144ff9c\" data-element_type=\"section\" data-settings=\"{&quot;background_background&quot;:&quot;classic&quot;}\">\n\t\t\t\t\t\t<div class=\"elementor-container elementor-column-gap-default\">\n\t\t\t\t\t<div class=\"elementor-column elementor-col-100 elementor-top-column elementor-element elementor-element-7d9c0958\" data-id=\"7d9c0958\" data-element_type=\"column\">\n\t\t\t<div class=\"elementor-widget-wrap elementor-element-populated\">\n\t\t\t\t\t\t\t\t<div class=\"elementor-element elementor-element-24627917 elementor-widget elementor-widget-text-editor\" data-id=\"24627917\" data-element_type=\"widget\" data-widget_type=\"text-editor.default\">\n\t\t\t\t<div class=\"elementor-widget-container\">\n\t\t\t<style>\/*! elementor - v3.13.3 - 28-05-2023 *\/\n.elementor-widget-text-editor.elementor-drop-cap-view-stacked .elementor-drop-cap{background-color:#69727d;color:#fff}.elementor-widget-text-editor.elementor-drop-cap-view-framed .elementor-drop-cap{color:#69727d;border:3px solid;background-color:transparent}.elementor-widget-text-editor:not(.elementor-drop-cap-view-default) .elementor-drop-cap{margin-top:8px}.elementor-widget-text-editor:not(.elementor-drop-cap-view-default) .elementor-drop-cap-letter{width:1em;height:1em}.elementor-widget-text-editor .elementor-drop-cap{float:left;text-align:center;line-height:1;font-size:50px}.elementor-widget-text-editor .elementor-drop-cap-letter{display:inline-block}<\/style>\t\t\t\t<header><h4 class=\"title\">REVIS\u00c3O TERMO DE FOMENTO &#8211; RELAT\u00d3RIO DE AUDITORIA<\/h4><\/header><div class=\"content clearfix\"><p>Revis\u00e3o dos termos de fomento firmados entre o Poder Executivo Municipal de Baldim e OSC.<\/p><p>Abaixo, link de acesso ao drive com toda a documenta\u00e7\u00e3o na \u00edntegra, levantada pelos auditores.<\/p><b>Caso n\u00e3o consiga acessar todos os documentos, copie o link abaixo e cole no seu navegador:<br \/><\/b><span style=\"color: #0000ff;\">https:\/\/drive.google.com\/drive\/folders\/1V4YxKYSlVKxEKco-7GbhBZQBXqkvdIXE?usp=sharing<\/span><b><br \/><\/b><\/div>\t\t\t\t\t\t<\/div>\n\t\t\t\t<\/div>\n\t\t\t\t<div class=\"elementor-element elementor-element-4718325 elementor-widget elementor-widget-button\" data-id=\"4718325\" data-element_type=\"widget\" data-widget_type=\"button.default\">\n\t\t\t\t<div class=\"elementor-widget-container\">\n\t\t\t\t\t<div class=\"elementor-button-wrapper\">\n\t\t\t<a href=\"https:\/\/drive.google.com\/drive\/folders\/1aI3hVGJhuvL7mZNvT2rcy0nBRs3byEYC?usp=sharing\" class=\"elementor-button-link elementor-button elementor-size-sm\" role=\"button\">\n\t\t\t\t\t\t<span class=\"elementor-button-content-wrapper\">\n\t\t\t\t\t\t<span class=\"elementor-button-text\">Link acesso \u00e0 todos documentos - Clique aqui.\u00a0<\/span>\n\t\t<\/span>\n\t\t\t\t\t<\/a>\n\t\t<\/div>\n\t\t\t\t<\/div>\n\t\t\t\t<\/div>\n\t\t\t\t\t<\/div>\n\t\t<\/div>\n\t\t\t\t\t\t\t<\/div>\n\t\t<\/section>\n\t\t\t\t<section class=\"elementor-section elementor-top-section elementor-element elementor-element-d84c031 elementor-section-boxed elementor-section-height-default elementor-section-height-default wpr-particle-no wpr-jarallax-no wpr-parallax-no wpr-sticky-section-no\" data-id=\"d84c031\" data-element_type=\"section\" data-settings=\"{&quot;background_background&quot;:&quot;classic&quot;}\">\n\t\t\t\t\t\t<div class=\"elementor-container elementor-column-gap-default\">\n\t\t\t\t\t<div class=\"elementor-column elementor-col-100 elementor-top-column elementor-element elementor-element-b90a983\" data-id=\"b90a983\" data-element_type=\"column\">\n\t\t\t<div class=\"elementor-widget-wrap elementor-element-populated\">\n\t\t\t\t\t\t\t\t<div class=\"elementor-element elementor-element-1b2daaf elementor-widget elementor-widget-text-editor\" data-id=\"1b2daaf\" data-element_type=\"widget\" data-widget_type=\"text-editor.default\">\n\t\t\t\t<div class=\"elementor-widget-container\">\n\t\t\t\t\t\t\t<header><\/header><div class=\"content clearfix\"><p>\u00a0<\/p><p>Abaixo o link de acesso ao relat\u00f3rio final na \u00edntegra.<\/p><p><a title=\"Clique aqui\" href=\"https:\/\/cmbaldim1.websiteseguro.com\/site\/wp-content\/uploads\/2024\/01\/relatorio-auditoria-camara-municipa-baldim.pdf\" target=\"_blank\" rel=\"noopener\"><strong>Link acesso ao relat\u00f3rio final &#8211; Clique aqui.\u00a0<\/strong><\/a><\/p><\/div>\t\t\t\t\t\t<\/div>\n\t\t\t\t<\/div>\n\t\t\t\t\t<\/div>\n\t\t<\/div>\n\t\t\t\t\t\t\t<\/div>\n\t\t<\/section>\n\t\t\t\t<section class=\"elementor-section elementor-top-section elementor-element elementor-element-25d3297 elementor-section-boxed elementor-section-height-default elementor-section-height-default wpr-particle-no wpr-jarallax-no wpr-parallax-no wpr-sticky-section-no\" data-id=\"25d3297\" data-element_type=\"section\">\n\t\t\t\t\t\t<div class=\"elementor-container elementor-column-gap-default\">\n\t\t\t\t\t<div class=\"elementor-column elementor-col-100 elementor-top-column elementor-element elementor-element-265ed44\" data-id=\"265ed44\" data-element_type=\"column\">\n\t\t\t<div class=\"elementor-widget-wrap\">\n\t\t\t\t\t\t\t\t\t<\/div>\n\t\t<\/div>\n\t\t\t\t\t\t\t<\/div>\n\t\t<\/section>\n\t\t\t\t\t\t\t<\/div>\n\t\t","protected":false},"excerpt":{"rendered":"<p>REVIS\u00c3O TERMO DE FOMENTO &#8211; RELAT\u00d3RIO DE AUDITORIA Revis\u00e3o dos termos de fomento firmados entre o Poder Executivo Municipal de Baldim e OSC. Abaixo, link de acesso ao drive com toda a<a class=\"moretag\" href=\"https:\/\/cmbaldim1.websiteseguro.com\/site\/revisao-termo-de-fomento\/\">Read More&#8230;<\/a><\/p>\n","protected":false},"author":1,"featured_media":0,"parent":0,"menu_order":0,"comment_status":"closed","ping_status":"closed","template":"","meta":{"footnotes":""},"class_list":["post-3439","page","type-page","status-publish","hentry"],"_links":{"self":[{"href":"https:\/\/cmbaldim1.websiteseguro.com\/site\/wp-json\/wp\/v2\/pages\/3439","targetHints":{"allow":["GET"]}}],"collection":[{"href":"https:\/\/cmbaldim1.websiteseguro.com\/site\/wp-json\/wp\/v2\/pages"}],"about":[{"href":"https:\/\/cmbaldim1.websiteseguro.com\/site\/wp-json\/wp\/v2\/types\/page"}],"author":[{"embeddable":true,"href":"https:\/\/cmbaldim1.websiteseguro.com\/site\/wp-json\/wp\/v2\/users\/1"}],"replies":[{"embeddable":true,"href":"https:\/\/cmbaldim1.websiteseguro.com\/site\/wp-json\/wp\/v2\/comments?post=3439"}],"version-history":[{"count":29,"href":"https:\/\/cmbaldim1.websiteseguro.com\/site\/wp-json\/wp\/v2\/pages\/3439\/revisions"}],"predecessor-version":[{"id":7987,"href":"https:\/\/cmbaldim1.websiteseguro.com\/site\/wp-json\/wp\/v2\/pages\/3439\/revisions\/7987"}],"wp:attachment":[{"href":"https:\/\/cmbaldim1.websiteseguro.com\/site\/wp-json\/wp\/v2\/media?parent=3439"}],"curies":[{"name":"wp","href":"https:\/\/api.w.org\/{rel}","templated":true}]}}