{"id":6587,"date":"2025-05-09T12:12:44","date_gmt":"2025-05-09T12:12:44","guid":{"rendered":"https:\/\/cmbaldim1.websiteseguro.com\/site\/?page_id=6587"},"modified":"2026-03-10T15:39:37","modified_gmt":"2026-03-10T15:39:37","slug":"atas-das-reunioes","status":"publish","type":"page","link":"https:\/\/cmbaldim1.websiteseguro.com\/site\/atas-das-reunioes\/","title":{"rendered":"ATAS DAS REUNI\u00d5ES"},"content":{"rendered":"\t\t<div data-elementor-type=\"wp-page\" data-elementor-id=\"6587\" class=\"elementor elementor-6587\">\n\t\t\t\t\t\t\t\t\t<section class=\"elementor-section elementor-top-section elementor-element elementor-element-07fc993 elementor-section-boxed elementor-section-height-default elementor-section-height-default wpr-particle-no wpr-jarallax-no wpr-parallax-no wpr-sticky-section-no\" data-id=\"07fc993\" data-element_type=\"section\" data-settings=\"{&quot;background_background&quot;:&quot;classic&quot;}\">\n\t\t\t\t\t\t<div class=\"elementor-container elementor-column-gap-default\">\n\t\t\t\t\t<div class=\"elementor-column elementor-col-100 elementor-top-column elementor-element elementor-element-daf8243\" data-id=\"daf8243\" data-element_type=\"column\">\n\t\t\t<div class=\"elementor-widget-wrap elementor-element-populated\">\n\t\t\t\t\t\t\t\t<div class=\"elementor-element elementor-element-41a6c25 elementor-widget elementor-widget-heading\" data-id=\"41a6c25\" data-element_type=\"widget\" data-widget_type=\"heading.default\">\n\t\t\t\t<div class=\"elementor-widget-container\">\n\t\t\t<style>\/*! elementor - v3.13.3 - 28-05-2023 *\/\n.elementor-heading-title{padding:0;margin:0;line-height:1}.elementor-widget-heading .elementor-heading-title[class*=elementor-size-]>a{color:inherit;font-size:inherit;line-height:inherit}.elementor-widget-heading .elementor-heading-title.elementor-size-small{font-size:15px}.elementor-widget-heading .elementor-heading-title.elementor-size-medium{font-size:19px}.elementor-widget-heading .elementor-heading-title.elementor-size-large{font-size:29px}.elementor-widget-heading .elementor-heading-title.elementor-size-xl{font-size:39px}.elementor-widget-heading .elementor-heading-title.elementor-size-xxl{font-size:59px}<\/style><h2 class=\"elementor-heading-title elementor-size-default\">ATAS das reuni\u00f5es 2025<\/h2>\t\t<\/div>\n\t\t\t\t<\/div>\n\t\t\t\t\t<\/div>\n\t\t<\/div>\n\t\t\t\t\t\t\t<\/div>\n\t\t<\/section>\n\t\t\t\t<section class=\"elementor-section elementor-top-section elementor-element elementor-element-c3bbeec elementor-section-boxed elementor-section-height-default elementor-section-height-default wpr-particle-no wpr-jarallax-no wpr-parallax-no wpr-sticky-section-no\" data-id=\"c3bbeec\" data-element_type=\"section\">\n\t\t\t\t\t\t<div class=\"elementor-container elementor-column-gap-default\">\n\t\t\t\t\t<div class=\"elementor-column elementor-col-100 elementor-top-column elementor-element elementor-element-3a5342b\" data-id=\"3a5342b\" data-element_type=\"column\">\n\t\t\t<div class=\"elementor-widget-wrap elementor-element-populated\">\n\t\t\t\t\t\t\t\t<div class=\"elementor-element elementor-element-7c30484 elementor-widget elementor-widget-text-editor\" data-id=\"7c30484\" data-element_type=\"widget\" data-widget_type=\"text-editor.default\">\n\t\t\t\t<div class=\"elementor-widget-container\">\n\t\t\t<style>\/*! elementor - v3.13.3 - 28-05-2023 *\/\n.elementor-widget-text-editor.elementor-drop-cap-view-stacked .elementor-drop-cap{background-color:#69727d;color:#fff}.elementor-widget-text-editor.elementor-drop-cap-view-framed .elementor-drop-cap{color:#69727d;border:3px solid;background-color:transparent}.elementor-widget-text-editor:not(.elementor-drop-cap-view-default) .elementor-drop-cap{margin-top:8px}.elementor-widget-text-editor:not(.elementor-drop-cap-view-default) .elementor-drop-cap-letter{width:1em;height:1em}.elementor-widget-text-editor .elementor-drop-cap{float:left;text-align:center;line-height:1;font-size:50px}.elementor-widget-text-editor .elementor-drop-cap-letter{display:inline-block}<\/style>\t\t\t\t<p>\u00a0<\/p><p>\u00a0<\/p><p><a href=\"https:\/\/cmbaldim1.websiteseguro.com\/site\/ata-10-fev-extraordinarias\/\">ATA-10-FEV-EXTRAORDIN\u00c1RIAS<\/a><\/p><hr \/><p><a href=\"https:\/\/cmbaldim1.websiteseguro.com\/site\/ata-16-dez-ordinaria\/\">ATA-16-DEZ-ORDIN\u00c1RIA<\/a><\/p><hr \/><p><a href=\"https:\/\/cmbaldim1.websiteseguro.com\/site\/ata-16-dez-reuniao-extraordinaria\/\">ATA-10-FEV-EXTRAORDIN\u00c1RIAS<\/a><\/p><hr \/><p>\u00a0<\/p><p><a href=\"https:\/\/cmbaldim1.websiteseguro.com\/site\/ata-16-dez-comissao\/\">ATA-16-DEZ-COMISS\u00c3O<\/a><\/p><hr \/><p>\u00a0<\/p><p><a href=\"https:\/\/cmbaldim1.websiteseguro.com\/site\/ata-25-nov-ordinaria\/\">ATA-25-NOV-ORDIN\u00c1RIA<\/a><\/p><hr \/><p><a href=\"https:\/\/cmbaldim1.websiteseguro.com\/site\/ata-25-nov-r-comissao\/\">ATA-25-NOV- R. COMISS\u00c3O<\/a><\/p><hr \/><p>\u00a0<\/p><p><a href=\"https:\/\/cmbaldim1.websiteseguro.com\/site\/ata-reuniao-de-comissoes-de-25-de-novembro-de-2025\/\">]ATA &#8211; REUNI\u00c3O DE COMISS\u00d5ES DE 25 DE NOVEMBRO DE 2025<\/a><\/p><hr \/><p><a href=\"https:\/\/cmbaldim1.websiteseguro.com\/site\/wp-content\/uploads\/2025\/12\/ATA-28-Outubro-ordinaria.pdf\">Ata Reuni\u00e3o Ordin\u00e1ria &#8211; 28 Outubro de 2025<\/a><\/p><hr \/><p><a href=\"https:\/\/cmbaldim1.websiteseguro.com\/site\/ata-reuniao-ordinaria-25-de-outubro-de-2025\/\">ATA &#8211; REUNI\u00c3O ORDIN\u00c1RIA &#8211; 25 DE OUTUBRO DE 2025<\/a><\/p><hr \/><p><a href=\"https:\/\/cmbaldim1.websiteseguro.com\/site\/ata-reuniao-de-comissoes-28-de-ourubro-de-2025\/\">ATA &#8211; REUNI\u00c3O DE COMISS\u00d5ES &#8211; 28 DE OUTUBRO DE 2025.<\/a><\/p><hr \/><p><a href=\"https:\/\/cmbaldim1.websiteseguro.com\/site\/wp-content\/uploads\/2025\/12\/ATA-23-Outubro-extraordinaria.pdf\">ATA Reuni\u00e3o Extraordin\u00e1ria &#8211; 23 Outubro de 2025<\/a><\/p><hr \/><p><a href=\"https:\/\/cmbaldim1.websiteseguro.com\/site\/ata-16-set_-extra-pdf\/\">ATA-16-SET_-EXTRA.pdf<\/a><\/p><hr \/><p><a href=\"https:\/\/cmbaldim1.websiteseguro.com\/site\/ata-da-reuniao-das-comissoes-permanentes-conjunta-orcamento-justica-e-redacao-e-administracao-pubi-municipal-de-baldim\/\"><span id=\"line_1_1\" class=\"ocr_line\" title=\"bbox 20 16 611 49; baseline -0.03 0; x_size 26.5; x_descenders 5.5; x_ascenders 5.5\"><span id=\"word_1_1\" class=\"ocrx_word\" title=\"bbox 20 34 56 49; x_wconf 96\">ATA<\/span>\u00a0<span id=\"word_1_2\" class=\"ocrx_word\" title=\"bbox 68 33 93 48; x_wconf 95\">DA<\/span>\u00a0<span id=\"word_1_3\" class=\"ocrx_word\" title=\"bbox 106 26 188 46; x_wconf 95\">REUNI\u00c3O<\/span>\u00a0<span id=\"word_1_4\" class=\"ocrx_word\" title=\"bbox 201 28 236 43; x_wconf 96\">DAS<\/span>\u00a0<span id=\"word_1_5\" class=\"ocrx_word\" title=\"bbox 249 21 354 42; x_wconf 96\">COMISS\u00d5ES<\/span>\u00a0<span id=\"word_1_6\" class=\"ocrx_word\" title=\"bbox 366 20 500 38; x_wconf 96\">PERMANENTES<\/span>\u00a0<span id=\"word_1_7\" class=\"ocrx_word\" title=\"bbox 512 16 611 34; x_wconf 96\">CONJUNTA<\/span>\u00a0<\/span><span id=\"line_1_2\" class=\"ocr_line\" title=\"bbox 21 41 611 81; baseline -0.032 -3; x_size 23; x_descenders 4; x_ascenders 4\"><span id=\"word_1_8\" class=\"ocrx_word\" title=\"bbox 21 60 144 81; x_wconf 96\">OR\u00c7AMENTO,<\/span>\u00a0<span id=\"word_1_9\" class=\"ocrx_word\" title=\"bbox 159 57 231 76; x_wconf 95\">JUSTI\u00c7A<\/span>\u00a0<span id=\"word_1_10\" class=\"ocrx_word\" title=\"bbox 246 56 254 70; x_wconf 96\">E<\/span>\u00a0<span id=\"word_1_11\" class=\"ocrx_word\" title=\"bbox 270 49 362 72; x_wconf 96\">REDA\u00c7\u00c3O,<\/span>\u00a0<span id=\"word_1_12\" class=\"ocrx_word\" title=\"bbox 377 52 386 66; x_wconf 96\">E<\/span>\u00a0<span id=\"word_1_13\" class=\"ocrx_word\" title=\"bbox 400 43 555 66; x_wconf 92\">ADMINISTRA\u00c7\u00c3O<\/span>\u00a0<span id=\"word_1_14\" class=\"ocrx_word\" title=\"bbox 571 41 611 60; x_wconf 77\">P\u00daBI<\/span>\u00a0<\/span><span id=\"line_1_3\" class=\"ocr_line\" title=\"bbox 22 75 576 106; baseline -0.031 0; x_size 26.5; x_descenders 5.5; x_ascenders 5.5\"><span id=\"word_1_15\" class=\"ocrx_word\" title=\"bbox 22 89 124 106; x_wconf 96\">MUNICIPAL<\/span>\u00a0<span id=\"word_1_16\" class=\"ocrx_word\" title=\"bbox 130 88 152 103; x_wconf 93\">DE<\/span>\u00a0<span id=\"word_1_17\" class=\"ocrx_word\" title=\"bbox 159 85 235 103; x_wconf 92\">BALDIM,<\/span>\u00a0<span id=\"word_1_18\" class=\"ocrx_word\" title=\"bbox 241 82 341 99; x_wconf 96\">REALIZADA<\/span>\u00a0<span id=\"word_1_19\" class=\"ocrx_word\" title=\"bbox 347 81 374 96; x_wconf 96\">EM<\/span>\u00a0<span id=\"word_1_20\" class=\"ocrx_word\" title=\"bbox 380 80 401 95; x_wconf 96\">09<\/span>\u00a0<span id=\"word_1_21\" class=\"ocrx_word\" title=\"bbox 407 79 430 94; x_wconf 96\">DE<\/span>\u00a0<span id=\"word_1_22\" class=\"ocrx_word\" title=\"bbox 435 77 492 93; x_wconf 96\">JULHO<\/span>\u00a0<span id=\"word_1_23\" class=\"ocrx_word\" title=\"bbox 499 76 521 91; x_wconf 96\">DE<\/span>\u00a0<span id=\"word_1_24\" class=\"ocrx_word\" title=\"bbox 528 75 576 90; x_wconf 66\">2025.<\/span><\/span><\/a><\/p><hr \/><p><a href=\"https:\/\/cmbaldim1.websiteseguro.com\/site\/ata-reuniao-de-comissoes-30-de-setembro-de-2025\/\">ATA &#8211; REUNI\u00c3O DE COMISS\u00d5ES &#8211; 30 DE SETEMBRO DE 2025.<\/a><\/p><hr \/><p><a href=\"https:\/\/cmbaldim1.websiteseguro.com\/site\/ata-reuniao-ordinaria-de-30-09-2025\/\">ATA- REUNI\u00c3O ORDIN\u00c1RIA de 30 DE SETEMBRO DE 2025.<\/a><\/p><hr \/><p><a href=\"https:\/\/cmbaldim1.websiteseguro.com\/site\/wp-content\/uploads\/2025\/12\/ATA-09-Julho-extraordinaria.pdf\">Ata Reuni\u00e3o Extraordin\u00e1ria &#8211; 09 de Julho de 2025<\/a><\/p><hr \/><p><a href=\"https:\/\/cmbaldim1.websiteseguro.com\/site\/wp-content\/uploads\/2025\/12\/ATA-24-Junho-ORDINARIA.pdf\">Ata Reuni\u00e3o Ordin\u00e1ria &#8211; 24 Junho de 2025<\/a><\/p><hr \/><p><a href=\"https:\/\/cmbaldim1.websiteseguro.com\/site\/ata-reuniao-ordinaria-26-de-agosto-de-2025\/\">Ata Reuni\u00e3o Ordin\u00e1ria \u2013 26 de Agosto de 2025<\/a><\/p><hr \/><p><a href=\"https:\/\/cmbaldim1.websiteseguro.com\/site\/ata-reuniao-extraordinaria-19-de-agosto-de-2025\/\">Ata Reuni\u00e3o das Comiss\u00f5es Permanentes \u2013 26 de Agosto de 2025<\/a><\/p><hr \/><p><a href=\"https:\/\/cmbaldim1.websiteseguro.com\/site\/ata-reuniao-das-comissoes-permanentes-26-de-agosto-de-2025\/\">Ata Reuni\u00e3o das Comiss\u00f5es Permanentes \u2013 26 de Agosto de 2025<\/a><\/p><hr \/><p><a href=\"https:\/\/cmbaldim1.websiteseguro.com\/site\/ata-reuniao-ordinaria-27-de-maio-de-2025\/\">Ata Reuni\u00e3o Ordin\u00e1ria \u2013 27 de maio de 2025<\/a><\/p><hr \/><p><a href=\"https:\/\/cmbaldim1.websiteseguro.com\/site\/ata-da-reuniao-das-comissoes-permanentes-27-de-maio-de-2025\/\">\u00a0ATA\u00a0DA\u00a0REUNI\u00c3O\u00a0DAS\u00a0COMISS\u00d5ES\u00a0PERMANENTES\u00a0\u2013 27 de maio de 2025<\/a><\/p><hr \/><p><a href=\"https:\/\/cmbaldim1.websiteseguro.com\/site\/wp-content\/uploads\/2025\/09\/ATA-26-AGOSTO.pdf\">ATA 26 AGOSTO &#8211; 2025<\/a><\/p><hr \/><p><a href=\"https:\/\/cmbaldim1.websiteseguro.com\/site\/ata-da-reuniao-das-comissoes-permanentes-conjuntas-de-financas-e-orcamento-justica-e-redacao-e-administracao-publica\/\">ATA\u00a0DA\u00a0REUNI\u00c3O\u00a0DAS\u00a0COMISS\u00d5ES\u00a0PERMANENTES\u00a0CONJUNTAS\u00a0DE\u00a0FINAN\u00c7AS\u00a0E\u00a0OR\u00c7AMENTO,\u00a0JUSTI\u00c7A\u00a0E\u00a0REDA\u00c7\u00c3O,\u00a0E\u00a0ADMINISTRA\u00c7\u00c3O\u00a0P\u00daBLICA\u00a0DA\u00a0C\u00c2MARA\u00a0MUNICIPAL\u00a0DE\u00a0BALDIM,\u00a0REALIZADA\u00a0EM\u00a026\u00a0DE\u00a0AGOSTO\u00a0DE\u00a02025.<\/a><\/p><hr \/><p><a href=\"https:\/\/cmbaldim1.websiteseguro.com\/site\/ata-19-de-agosto-de-2025-sessao-extraordinaria\/\">Ata 19 de agosto de 2025 \u2013 Sess\u00e3o Extraordin\u00e1ria<\/a><\/p><hr \/><p><a href=\"https:\/\/cmbaldim1.websiteseguro.com\/site\/ata-ordinaria-25-de-marco\/\">Ata Ordin\u00e1ria \u2013 25 de Mar\u00e7o<\/a><\/p><hr \/><p><a href=\"https:\/\/cmbaldim1.websiteseguro.com\/site\/ata-14-maio-comissoes-pdf\/\">Ata Comiss\u00f5es &#8211; 14 de Maio<\/a><\/p><hr \/><p><a href=\"https:\/\/cmbaldim1.websiteseguro.com\/site\/ata-de-29-de-abril-de-2025\/\">Ata de 29 de Abril de 2025<\/a><\/p><hr \/><p><a href=\"https:\/\/cmbaldim1.websiteseguro.com\/site\/ata-de-14-de-maio-de-2025\/\">Ata de 14 de Maio de 2025<\/a><\/p>\t\t\t\t\t\t<\/div>\n\t\t\t\t<\/div>\n\t\t\t\t\t<\/div>\n\t\t<\/div>\n\t\t\t\t\t\t\t<\/div>\n\t\t<\/section>\n\t\t\t\t\t\t\t<\/div>\n\t\t","protected":false},"excerpt":{"rendered":"<p>ATAS das reuni\u00f5es 2025 \u00a0 \u00a0 ATA-10-FEV-EXTRAORDIN\u00c1RIAS ATA-16-DEZ-ORDIN\u00c1RIA ATA-10-FEV-EXTRAORDIN\u00c1RIAS \u00a0 ATA-16-DEZ-COMISS\u00c3O \u00a0 ATA-25-NOV-ORDIN\u00c1RIA ATA-25-NOV- R. COMISS\u00c3O \u00a0 ]ATA &#8211; REUNI\u00c3O DE COMISS\u00d5ES DE 25 DE NOVEMBRO DE 2025 Ata Reuni\u00e3o Ordin\u00e1ria &#8211;<a class=\"moretag\" href=\"https:\/\/cmbaldim1.websiteseguro.com\/site\/atas-das-reunioes\/\">Read More&#8230;<\/a><\/p>\n","protected":false},"author":6,"featured_media":0,"parent":0,"menu_order":0,"comment_status":"closed","ping_status":"closed","template":"","meta":{"footnotes":""},"class_list":["post-6587","page","type-page","status-publish","hentry"],"_links":{"self":[{"href":"https:\/\/cmbaldim1.websiteseguro.com\/site\/wp-json\/wp\/v2\/pages\/6587","targetHints":{"allow":["GET"]}}],"collection":[{"href":"https:\/\/cmbaldim1.websiteseguro.com\/site\/wp-json\/wp\/v2\/pages"}],"about":[{"href":"https:\/\/cmbaldim1.websiteseguro.com\/site\/wp-json\/wp\/v2\/types\/page"}],"author":[{"embeddable":true,"href":"https:\/\/cmbaldim1.websiteseguro.com\/site\/wp-json\/wp\/v2\/users\/6"}],"replies":[{"embeddable":true,"href":"https:\/\/cmbaldim1.websiteseguro.com\/site\/wp-json\/wp\/v2\/comments?post=6587"}],"version-history":[{"count":71,"href":"https:\/\/cmbaldim1.websiteseguro.com\/site\/wp-json\/wp\/v2\/pages\/6587\/revisions"}],"predecessor-version":[{"id":9003,"href":"https:\/\/cmbaldim1.websiteseguro.com\/site\/wp-json\/wp\/v2\/pages\/6587\/revisions\/9003"}],"wp:attachment":[{"href":"https:\/\/cmbaldim1.websiteseguro.com\/site\/wp-json\/wp\/v2\/media?parent=6587"}],"curies":[{"name":"wp","href":"https:\/\/api.w.org\/{rel}","templated":true}]}}